{"id":541,"date":"2022-10-19T08:30:13","date_gmt":"2022-10-19T07:30:13","guid":{"rendered":"https:\/\/sanibudbis.com\/?page_id=541"},"modified":"2024-04-24T21:49:23","modified_gmt":"2024-04-24T20:49:23","slug":"o-nas","status":"publish","type":"page","link":"https:\/\/sanibudbis.com\/uk\/o-nas\/","title":{"rendered":"\u041f\u0440\u043e \u043d\u0430\u0441"},"content":{"rendered":"<div data-elementor-type=\"wp-post\" data-elementor-id=\"541\" class=\"elementor elementor-541\">\n\t\t\t\t\t\t<section class=\"elementor-section elementor-top-section elementor-element elementor-element-wjtnaha elementor-section-height-min-height elementor-section-boxed elementor-section-height-default elementor-section-items-middle\" data-id=\"wjtnaha\" data-element_type=\"section\" data-e-type=\"section\" data-settings=\"{&quot;background_background&quot;:&quot;classic&quot;}\">\n\t\t\t\t\t\t\t<div class=\"elementor-background-overlay\"><\/div>\n\t\t\t\t\t\t\t<div class=\"elementor-container elementor-column-gap-default\">\n\t\t\t\t\t<div class=\"elementor-column elementor-col-100 elementor-top-column elementor-element elementor-element-rrzpsbl\" data-id=\"rrzpsbl\" data-element_type=\"column\" data-e-type=\"column\">\n\t\t\t<div class=\"elementor-widget-wrap elementor-element-populated\">\n\t\t\t\t\t\t<div class=\"elementor-element elementor-element-wurqgro elementor-widget elementor-widget-heading\" data-id=\"wurqgro\" data-element_type=\"widget\" data-e-type=\"widget\" data-widget_type=\"heading.default\">\n\t\t\t\t<div class=\"elementor-widget-container\">\n\t\t\t\t\t<h3 class=\"elementor-heading-title elementor-size-default\">\u043f\u0440\u043e \u043d\u0430\u0441<\/h3>\t\t\t\t<\/div>\n\t\t\t\t<\/div>\n\t\t\t\t\t<\/div>\n\t\t<\/div>\n\t\t\t\t\t<\/div>\n\t\t<\/section>\n\t\t\t\t<section class=\"elementor-section elementor-top-section elementor-element elementor-element-e802e6f elementor-section-boxed elementor-section-height-default elementor-section-height-default\" data-id=\"e802e6f\" data-element_type=\"section\" data-e-type=\"section\">\n\t\t\t\t\t\t<div class=\"elementor-container elementor-column-gap-default\">\n\t\t\t\t\t<div class=\"elementor-column elementor-col-100 elementor-top-column elementor-element elementor-element-795febb\" data-id=\"795febb\" data-element_type=\"column\" data-e-type=\"column\">\n\t\t\t<div class=\"elementor-widget-wrap elementor-element-populated\">\n\t\t\t\t\t\t<div class=\"elementor-element elementor-element-1652ed7 elementor-widget elementor-widget-spacer\" data-id=\"1652ed7\" data-element_type=\"widget\" data-e-type=\"widget\" data-widget_type=\"spacer.default\">\n\t\t\t\t<div class=\"elementor-widget-container\">\n\t\t\t\t\t\t\t<div class=\"elementor-spacer\">\n\t\t\t<div class=\"elementor-spacer-inner\"><\/div>\n\t\t<\/div>\n\t\t\t\t\t\t<\/div>\n\t\t\t\t<\/div>\n\t\t\t\t\t<\/div>\n\t\t<\/div>\n\t\t\t\t\t<\/div>\n\t\t<\/section>\n\t\t\t\t<section class=\"elementor-section elementor-top-section elementor-element elementor-element-09f9c9c elementor-section-boxed elementor-section-height-default elementor-section-height-default\" data-id=\"09f9c9c\" data-element_type=\"section\" data-e-type=\"section\">\n\t\t\t\t\t\t<div class=\"elementor-container elementor-column-gap-default\">\n\t\t\t\t\t<div class=\"elementor-column elementor-col-25 elementor-top-column elementor-element elementor-element-c8bf58c\" data-id=\"c8bf58c\" data-element_type=\"column\" data-e-type=\"column\">\n\t\t\t<div class=\"elementor-widget-wrap elementor-element-populated\">\n\t\t\t\t\t\t<div class=\"elementor-element elementor-element-c58387b elementor-widget elementor-widget-heading\" data-id=\"c58387b\" data-element_type=\"widget\" data-e-type=\"widget\" data-widget_type=\"heading.default\">\n\t\t\t\t<div class=\"elementor-widget-container\">\n\t\t\t\t\t<h2 class=\"elementor-heading-title elementor-size-default\">\u0422\u0415\u041f\u041b\u041e\u041e\u0411\u041c\u0406\u041d\u041d\u0418\u041a\u0418 \u0410\u0412\u0422\u041e\u041c\u041e\u0411\u0406\u041b\u0406 \u0422\u0410 \u0411\u0410\u0421\u0415\u0419\u041d\u0418 \u0412\u0406\u0414 \u0420\u0423\u041a \u0417\u0410 \u0414\u0423\u0416\u0415 \u0412\u0418\u0413\u0406\u0414\u041d\u0418\u041c\u0418 \u0426\u0406\u041d\u0410\u041c\u0418!<\/h2>\t\t\t\t<\/div>\n\t\t\t\t<\/div>\n\t\t\t\t\t<\/div>\n\t\t<\/div>\n\t\t\t\t<div class=\"elementor-column elementor-col-50 elementor-top-column elementor-element elementor-element-f26e592\" data-id=\"f26e592\" data-element_type=\"column\" data-e-type=\"column\">\n\t\t\t<div class=\"elementor-widget-wrap elementor-element-populated\">\n\t\t\t\t\t\t<div class=\"elementor-element elementor-element-897c54e elementor-widget elementor-widget-text-editor\" data-id=\"897c54e\" data-element_type=\"widget\" data-e-type=\"widget\" data-widget_type=\"text-editor.default\">\n\t\t\t\t<div class=\"elementor-widget-container\">\n\t\t\t\t\t\t\t\t\t<p>\u0412 \u0440\u0430\u043c\u043a\u0430\u0445 \u0441\u0432\u043e\u0454\u0457 \u0434\u0456\u044f\u043b\u044c\u043d\u043e\u0441\u0442\u0456 \u00ab\u0421\u0430\u043d\u0456\u0411\u0443\u0434\u0411\u0456\u0441\u00bb \u0440\u043e\u0437\u043f\u043e\u0432\u0441\u044e\u0434\u0436\u0443\u0454 \u0441\u0435\u0440\u0442\u0438\u0444\u0456\u043a\u043e\u0432\u0430\u043d\u0443 \u043f\u0440\u043e\u043c\u0438\u0441\u043b\u043e\u0432\u0443 \u0430\u0440\u043c\u0430\u0442\u0443\u0440\u0443 \u0434\u043b\u044f \u0432\u043e\u0434\u043e\u043f\u043e\u0441\u0442\u0430\u0447\u0430\u043d\u043d\u044f, \u0433\u0430\u0437\u0443, \u0446\u0435\u043d\u0442\u0440\u0430\u043b\u044c\u043d\u043e\u0433\u043e \u043e\u043f\u0430\u043b\u0435\u043d\u043d\u044f, \u0430 \u0442\u0430\u043a\u043e\u0436 \u043f\u0440\u0438\u043b\u0430\u0434\u0438 \u043e\u043f\u0430\u043b\u0435\u043d\u043d\u044f, \u0432\u0435\u043d\u0442\u0438\u043b\u044f\u0446\u0456\u0457 \u0442\u0430 \u0432\u0438\u043c\u0456\u0440\u044e\u0432\u0430\u043d\u043d\u044f. \u041d\u0430\u0448\u0430 \u043f\u0440\u043e\u043f\u043e\u0437\u0438\u0446\u0456\u044f \u0432\u043a\u043b\u044e\u0447\u0430\u0454 \u0431\u043b\u0438\u0437\u044c\u043a\u043e 2000 \u0430\u0440\u0442\u0438\u043a\u0443\u043b\u0456\u0432, \u0432\u043a\u043b\u044e\u0447\u0430\u044e\u0447\u0438 \u0442\u0435\u043f\u043b\u043e\u043e\u0431\u043c\u0456\u043d\u043d\u0438\u043a\u0438, \u0444\u043b\u0430\u043d\u0446\u0435\u0432\u0456 \u043a\u043b\u0430\u043f\u0430\u043d\u0438, \u043a\u043e\u043d\u0434\u0435\u043d\u0441\u0430\u0442\u043e\u0432\u0456\u0434\u0432\u0456\u0434\u043d\u0438\u043a\u0438 \u0442\u043e\u0449\u043e, \u044f\u043a\u0456\u0441\u0442\u044c \u044f\u043a\u0438\u0445 \u043f\u0456\u0434\u0442\u0432\u0435\u0440\u0434\u0436\u0435\u043d\u043e \u0441\u0435\u0440\u0442\u0438\u0444\u0456\u043a\u0430\u0442\u0430\u043c\u0438 \u044f\u043a\u043e\u0441\u0442\u0456 ISO 9001, ISO 9002, \u0437\u043d\u0430\u043a\u043e\u043c \u0431\u0435\u0437\u043f\u0435\u043a\u0438 B, \u0442\u0435\u0445\u043d\u0456\u0447\u043d\u0438\u043c \u0434\u043e\u043f\u0443\u0441\u043a\u043e\u043c COBRTI \u0442\u0430 \u0433\u0456\u0433\u0456\u0454\u043d\u0456\u0447\u043d\u0438\u043c \u0441\u0435\u0440\u0442\u0438\u0444\u0456\u043a\u0430\u0442\u043e\u043c \u041d\u0430\u0446\u0456\u043e\u043d\u0430\u043b\u044c\u043d\u043e\u0433\u043e \u0456\u043d\u0441\u0442\u0438\u0442\u0443\u0442\u0443 \u0413\u0456\u0433\u0456\u0454\u043d\u0430.<\/p><p>Dzi\u0119ki zawartym umowom handlowym m.in z takimi renomowanymi firmami wiod\u0105cymi w bran\u017cy ARMATURA PRZEMYS\u0141OWA jak HEXONIC i ZETKAMA mo\u017cemy zaoferowa\u0107 towar najwy\u017cszej jako\u015bci dziel\u0105c sie upustem cenowym wynegocjowanym z w\/w firmami.<\/p><p>Posiadaj\u0105c do\u015bwiadczon\u0105 kadr\u0119 realizujemy tak\u017ce zam\u00f3wienia nietypowe na podstawie projekt\u00f3w zleceniodawc\u00f3w. Zam\u00f3wienia przyjmujemy drog\u0105 elektroniczn\u0105 sanibudbis@sanibudbis.itl.pl oraz sanibudbis@poczta.onet.pl. Zapewniamy niezawodno\u015b\u0107 sprzedawanej armatury i urz\u0105dze\u0144 oraz szybk\u0105 dostaw\u0119.<\/p>\t\t\t\t\t\t\t\t<\/div>\n\t\t\t\t<\/div>\n\t\t\t\t\t<\/div>\n\t\t<\/div>\n\t\t\t\t<div class=\"elementor-column elementor-col-25 elementor-top-column elementor-element elementor-element-4b8b9ec\" data-id=\"4b8b9ec\" data-element_type=\"column\" data-e-type=\"column\">\n\t\t\t<div class=\"elementor-widget-wrap elementor-element-populated\">\n\t\t\t\t\t\t<div class=\"elementor-element elementor-element-198cc02 elementor-widget elementor-widget-heading\" data-id=\"198cc02\" data-element_type=\"widget\" data-e-type=\"widget\" data-widget_type=\"heading.default\">\n\t\t\t\t<div class=\"elementor-widget-container\">\n\t\t\t\t\t<h2 class=\"elementor-heading-title elementor-size-default\">\u041d\u0410\u0419\u0412\u0418\u0429\u0410 \u042f\u041a\u0406\u0421\u0422\u042c \u042f\u041a \u0413\u0410\u0420\u0410\u041d\u0422\u0406\u042f \u041d\u0410\u0414\u0406\u0419\u041d\u041e\u0421\u0422\u0406!<\/h2>\t\t\t\t<\/div>\n\t\t\t\t<\/div>\n\t\t\t\t\t<\/div>\n\t\t<\/div>\n\t\t\t\t\t<\/div>\n\t\t<\/section>\n\t\t\t\t<section class=\"elementor-section elementor-top-section elementor-element elementor-element-77c7831 elementor-section-boxed elementor-section-height-default elementor-section-height-default\" data-id=\"77c7831\" data-element_type=\"section\" data-e-type=\"section\">\n\t\t\t\t\t\t<div class=\"elementor-container elementor-column-gap-default\">\n\t\t\t\t\t<div class=\"elementor-column elementor-col-50 elementor-top-column elementor-element elementor-element-cdb1b6f\" data-id=\"cdb1b6f\" data-element_type=\"column\" data-e-type=\"column\">\n\t\t\t<div class=\"elementor-widget-wrap elementor-element-populated\">\n\t\t\t\t\t\t<div class=\"elementor-element elementor-element-dbaeba4 elementor-widget elementor-widget-spacer\" data-id=\"dbaeba4\" data-element_type=\"widget\" data-e-type=\"widget\" data-widget_type=\"spacer.default\">\n\t\t\t\t<div class=\"elementor-widget-container\">\n\t\t\t\t\t\t\t<div class=\"elementor-spacer\">\n\t\t\t<div class=\"elementor-spacer-inner\"><\/div>\n\t\t<\/div>\n\t\t\t\t\t\t<\/div>\n\t\t\t\t<\/div>\n\t\t\t\t<div class=\"elementor-element elementor-element-b0c1b2c elementor-widget elementor-widget-heading\" data-id=\"b0c1b2c\" data-element_type=\"widget\" data-e-type=\"widget\" data-widget_type=\"heading.default\">\n\t\t\t\t<div class=\"elementor-widget-container\">\n\t\t\t\t\t<h2 class=\"elementor-heading-title elementor-size-default\">\u0423\u041f\u041e\u0412\u041d\u041e\u0412\u0410\u0416\u0415\u041d\u0418\u0419 \u041f\u0420\u0415\u0414\u0421\u0422\u0410\u0412\u041d\u0418\u041a \u041a\u041e\u041c\u041f\u0410\u041d\u0406\u0407 \u0417\u0415\u0422\u041a\u0410\u041c\u0410 \u0412\u0418\u0420\u041e\u0411\u041d\u0418\u041a \u041c.\u0406.\u041d. \u0417\u0410\u041f\u041e\u0417\u0406\u041b\u042c\u041d\u0406 \u041a\u041b\u0410\u041f\u0410\u041d\u0418 \u0422\u0410 \u0406\u041d\u0414\u0418\u041a\u0410\u0422\u041e\u0420\u0418 \u0420\u0406\u0414\u0418\u041d\n\u041f\u0420\u0418\u041a\u041b. \u0410\u0420\u041c\u0410\u041a.<\/h2>\t\t\t\t<\/div>\n\t\t\t\t<\/div>\n\t\t\t\t\t<\/div>\n\t\t<\/div>\n\t\t\t\t<div class=\"elementor-column elementor-col-50 elementor-top-column elementor-element elementor-element-12be27c\" data-id=\"12be27c\" data-element_type=\"column\" data-e-type=\"column\">\n\t\t\t<div class=\"elementor-widget-wrap elementor-element-populated\">\n\t\t\t\t\t\t<div class=\"elementor-element elementor-element-17a7903 elementor-widget elementor-widget-wp-widget-media_image\" data-id=\"17a7903\" data-element_type=\"widget\" data-e-type=\"widget\" data-widget_type=\"wp-widget-media_image.default\">\n\t\t\t\t<div class=\"elementor-widget-container\">\n\t\t\t\t\t<img fetchpriority=\"high\" decoding=\"async\" width=\"218\" height=\"300\" src=\"https:\/\/sanibudbis.com\/wp-content\/uploads\/2022\/10\/1394191722_527797121_autoryzacja1-218x300.jpg\" class=\"image wp-image-585  attachment-medium size-medium\" alt=\"\" style=\"max-width: 100%; height: auto;\" srcset=\"https:\/\/sanibudbis.com\/wp-content\/uploads\/2022\/10\/1394191722_527797121_autoryzacja1-218x300.jpg 218w, https:\/\/sanibudbis.com\/wp-content\/uploads\/2022\/10\/1394191722_527797121_autoryzacja1.jpg 680w\" sizes=\"(max-width: 218px) 100vw, 218px\" \/>\t\t\t\t<\/div>\n\t\t\t\t<\/div>\n\t\t\t\t\t<\/div>\n\t\t<\/div>\n\t\t\t\t\t<\/div>\n\t\t<\/section>\n\t\t\t\t<section class=\"elementor-section elementor-top-section elementor-element elementor-element-nzqyrqu elementor-section-boxed elementor-section-height-default elementor-section-height-default\" data-id=\"nzqyrqu\" data-element_type=\"section\" data-e-type=\"section\" id=\"objective\">\n\t\t\t\t\t\t<div class=\"elementor-container elementor-column-gap-no\">\n\t\t\t\t\t<div class=\"elementor-column elementor-col-100 elementor-top-column elementor-element elementor-element-convgtc\" data-id=\"convgtc\" data-element_type=\"column\" data-e-type=\"column\">\n\t\t\t<div class=\"elementor-widget-wrap elementor-element-populated\">\n\t\t\t\t\t\t<div class=\"elementor-element elementor-element-zcisvyi elementor-widget elementor-widget-heading\" data-id=\"zcisvyi\" data-element_type=\"widget\" data-e-type=\"widget\" data-widget_type=\"heading.default\">\n\t\t\t\t<div class=\"elementor-widget-container\">\n\t\t\t\t\t<h2 class=\"elementor-heading-title elementor-size-xl\">\u041d\u0410\u0428\u0406 \u0411\u0420\u0415\u041d\u0414\u0418:<\/h2>\t\t\t\t<\/div>\n\t\t\t\t<\/div>\n\t\t\t\t<div class=\"elementor-element elementor-element-db4ceec elementor-arrows-position-inside elementor-pagination-position-outside elementor-widget elementor-widget-image-carousel\" data-id=\"db4ceec\" data-element_type=\"widget\" data-e-type=\"widget\" data-settings=\"{&quot;slides_to_show&quot;:&quot;6&quot;,&quot;pause_on_hover&quot;:&quot;no&quot;,&quot;autoplay_speed&quot;:3000,&quot;navigation&quot;:&quot;both&quot;,&quot;autoplay&quot;:&quot;yes&quot;,&quot;pause_on_interaction&quot;:&quot;yes&quot;,&quot;infinite&quot;:&quot;yes&quot;,&quot;speed&quot;:500}\" data-widget_type=\"image-carousel.default\">\n\t\t\t\t<div class=\"elementor-widget-container\">\n\t\t\t\t\t\t\t<div class=\"elementor-image-carousel-wrapper swiper\" role=\"region\" aria-roledescription=\"carousel\" aria-label=\"Karuzela obrazk\u00f3w\" dir=\"ltr\">\n\t\t\t<div class=\"elementor-image-carousel swiper-wrapper\" aria-live=\"off\">\n\t\t\t\t\t\t\t\t<div class=\"swiper-slide\" role=\"group\" aria-roledescription=\"slide\" aria-label=\"1 z 17\"><figure class=\"swiper-slide-inner\"><img decoding=\"async\" class=\"swiper-slide-image\" src=\"https:\/\/sanibudbis.com\/wp-content\/uploads\/2022\/10\/zetkama_logo-1-150x150.jpg\" alt=\"zetkama_logo-1\" \/><\/figure><\/div><div class=\"swiper-slide\" role=\"group\" aria-roledescription=\"slide\" aria-label=\"2 z 17\"><figure class=\"swiper-slide-inner\"><img decoding=\"async\" class=\"swiper-slide-image\" src=\"https:\/\/sanibudbis.com\/wp-content\/uploads\/2022\/10\/hist-logo-siem-150x150.jpg\" alt=\"hist-logo-siem\" \/><\/figure><\/div><div class=\"swiper-slide\" role=\"group\" aria-roledescription=\"slide\" aria-label=\"3 z 17\"><figure class=\"swiper-slide-inner\"><img decoding=\"async\" class=\"swiper-slide-image\" src=\"https:\/\/sanibudbis.com\/wp-content\/uploads\/2022\/10\/pobrane-1-150x150.png\" alt=\"pobrane (1)\" \/><\/figure><\/div><div class=\"swiper-slide\" role=\"group\" aria-roledescription=\"slide\" aria-label=\"4 z 17\"><figure class=\"swiper-slide-inner\"><img decoding=\"async\" class=\"swiper-slide-image\" src=\"https:\/\/sanibudbis.com\/wp-content\/uploads\/2022\/10\/spirax-sarco-logo-150x150.png\" alt=\"spirax-sarco-logo\" \/><\/figure><\/div><div class=\"swiper-slide\" role=\"group\" aria-roledescription=\"slide\" aria-label=\"5 z 17\"><figure class=\"swiper-slide-inner\"><img decoding=\"async\" class=\"swiper-slide-image\" src=\"https:\/\/sanibudbis.com\/wp-content\/uploads\/2022\/10\/big_416295aa-e827-4e26-9261-dd2b2e77ccf1-150x150.png\" alt=\"big_416295aa-e827-4e26-9261-dd2b2e77ccf1\" \/><\/figure><\/div><div class=\"swiper-slide\" role=\"group\" aria-roledescription=\"slide\" aria-label=\"6 z 17\"><figure class=\"swiper-slide-inner\"><img decoding=\"async\" class=\"swiper-slide-image\" src=\"https:\/\/sanibudbis.com\/wp-content\/uploads\/2022\/10\/WIKA-Polska_firmimage-150x150.jpg\" alt=\"WIKA-Polska_firmimage\" \/><\/figure><\/div><div class=\"swiper-slide\" role=\"group\" aria-roledescription=\"slide\" aria-label=\"7 z 17\"><figure class=\"swiper-slide-inner\"><img decoding=\"async\" class=\"swiper-slide-image\" src=\"https:\/\/sanibudbis.com\/wp-content\/uploads\/2022\/10\/instalmet-1-150x150.jpg\" alt=\"instalmet-1\" \/><\/figure><\/div><div class=\"swiper-slide\" role=\"group\" aria-roledescription=\"slide\" aria-label=\"8 z 17\"><figure class=\"swiper-slide-inner\"><img decoding=\"async\" class=\"swiper-slide-image\" src=\"https:\/\/sanibudbis.com\/wp-content\/uploads\/2022\/10\/logo_t-150x150.gif\" alt=\"logo_t\" \/><\/figure><\/div><div class=\"swiper-slide\" role=\"group\" aria-roledescription=\"slide\" aria-label=\"9 z 17\"><figure class=\"swiper-slide-inner\"><img decoding=\"async\" class=\"swiper-slide-image\" src=\"https:\/\/sanibudbis.com\/wp-content\/uploads\/2022\/10\/pobrane-3-150x150.png\" alt=\"pobrane\" \/><\/figure><\/div><div class=\"swiper-slide\" role=\"group\" aria-roledescription=\"slide\" aria-label=\"10 z 17\"><figure class=\"swiper-slide-inner\"><img decoding=\"async\" class=\"swiper-slide-image\" src=\"https:\/\/sanibudbis.com\/wp-content\/uploads\/2022\/10\/genebre-log-150x150.jpg\" alt=\"genebre-log\" \/><\/figure><\/div><div class=\"swiper-slide\" role=\"group\" aria-roledescription=\"slide\" aria-label=\"11 z 17\"><figure class=\"swiper-slide-inner\"><img decoding=\"async\" class=\"swiper-slide-image\" src=\"https:\/\/sanibudbis.com\/wp-content\/uploads\/2022\/10\/BUeRKERT-CONTROMATIC-GmbH_firmimage-150x150.jpg\" alt=\"BUeRKERT-CONTROMATIC-GmbH_firmimage\" \/><\/figure><\/div><div class=\"swiper-slide\" role=\"group\" aria-roledescription=\"slide\" aria-label=\"12 z 17\"><figure class=\"swiper-slide-inner\"><img decoding=\"async\" class=\"swiper-slide-image\" src=\"https:\/\/sanibudbis.com\/wp-content\/uploads\/2022\/10\/1524828341845-150x150.jpg\" alt=\"1524828341845\" \/><\/figure><\/div><div class=\"swiper-slide\" role=\"group\" aria-roledescription=\"slide\" aria-label=\"13 z 17\"><figure class=\"swiper-slide-inner\"><img decoding=\"async\" class=\"swiper-slide-image\" src=\"https:\/\/sanibudbis.com\/wp-content\/uploads\/2022\/10\/117912-150x150.jpg\" alt=\"117912\" \/><\/figure><\/div><div class=\"swiper-slide\" role=\"group\" aria-roledescription=\"slide\" aria-label=\"14 z 17\"><figure class=\"swiper-slide-inner\"><img decoding=\"async\" class=\"swiper-slide-image\" src=\"https:\/\/sanibudbis.com\/wp-content\/uploads\/2022\/10\/1555999933831-150x150.jpg\" alt=\"1555999933831\" \/><\/figure><\/div><div class=\"swiper-slide\" role=\"group\" aria-roledescription=\"slide\" aria-label=\"15 z 17\"><figure class=\"swiper-slide-inner\"><img decoding=\"async\" class=\"swiper-slide-image\" src=\"https:\/\/sanibudbis.com\/wp-content\/uploads\/2022\/10\/1593502197129-150x150.jpg\" alt=\"1593502197129\" \/><\/figure><\/div><div class=\"swiper-slide\" role=\"group\" aria-roledescription=\"slide\" aria-label=\"16 z 17\"><figure class=\"swiper-slide-inner\"><img decoding=\"async\" class=\"swiper-slide-image\" src=\"https:\/\/sanibudbis.com\/wp-content\/uploads\/2022\/10\/13522_logo-150x150.jpg\" alt=\"13522_logo\" \/><\/figure><\/div><div class=\"swiper-slide\" role=\"group\" aria-roledescription=\"slide\" aria-label=\"17 z 17\"><figure class=\"swiper-slide-inner\"><img decoding=\"async\" class=\"swiper-slide-image\" src=\"https:\/\/sanibudbis.com\/wp-content\/uploads\/2022\/10\/grundfos_image_3-150x150.jpg\" alt=\"grundfos_image_3\" \/><\/figure><\/div>\t\t\t<\/div>\n\t\t\t\t\t\t\t\t\t\t\t\t<div class=\"elementor-swiper-button elementor-swiper-button-prev\" role=\"button\" tabindex=\"0\">\n\t\t\t\t\t\t<i aria-hidden=\"true\" class=\"eicon-chevron-left\"><\/i>\t\t\t\t\t<\/div>\n\t\t\t\t\t<div class=\"elementor-swiper-button elementor-swiper-button-next\" role=\"button\" tabindex=\"0\">\n\t\t\t\t\t\t<i aria-hidden=\"true\" class=\"eicon-chevron-right\"><\/i>\t\t\t\t\t<\/div>\n\t\t\t\t\n\t\t\t\t\t\t\t\t\t<div class=\"swiper-pagination\"><\/div>\n\t\t\t\t\t\t\t\t\t<\/div>\n\t\t\t\t\t\t<\/div>\n\t\t\t\t<\/div>\n\t\t\t\t\t<\/div>\n\t\t<\/div>\n\t\t\t\t\t<\/div>\n\t\t<\/section>\n\t\t\t\t<\/div>","protected":false},"excerpt":{"rendered":"<p>o nas WYMIENNIKI CIEP\u0141A JADy i BASENOWE DOST\u0118PNE OD R\u0118KI W BARDZO KORZYSTNYCH CENACH! SaniBudBis w ramach swojej dzia\u0142alno\u015bci zajmuje si\u0119 dystrybucj\u0105 atestowanej armatury przemys\u0142owej do wody, gazu, centralnego ogrzewania oraz urz\u0105dze\u0144 grzewczych, wentylacyjnych, pomiarowych. Nasza oferta zawiera oko\u0142o 2000 artyku\u0142\u00f3w w tym m.in wymienniki ciep\u0142a, zawory ko\u0142nierzowe, odwadniacze itp., kt\u00f3rych jako\u015b\u0107 potwierdzona jest certyfikatami [&hellip;]<\/p>\n","protected":false},"author":1,"featured_media":0,"parent":0,"menu_order":0,"comment_status":"closed","ping_status":"open","template":"","meta":{"ocean_post_layout":"full-screen","ocean_both_sidebars_style":"","ocean_both_sidebars_content_width":0,"ocean_both_sidebars_sidebars_width":0,"ocean_sidebar":"0","ocean_second_sidebar":"0","ocean_disable_margins":"on","ocean_add_body_class":"","ocean_shortcode_before_top_bar":"","ocean_shortcode_after_top_bar":"","ocean_shortcode_before_header":"","ocean_shortcode_after_header":"","ocean_has_shortcode":"","ocean_shortcode_after_title":"","ocean_shortcode_before_footer_widgets":"","ocean_shortcode_after_footer_widgets":"","ocean_shortcode_before_footer_bottom":"","ocean_shortcode_after_footer_bottom":"","ocean_display_top_bar":"default","ocean_display_header":"default","ocean_header_style":"","ocean_center_header_left_menu":"0","ocean_custom_header_template":"0","ocean_custom_logo":0,"ocean_custom_retina_logo":0,"ocean_custom_logo_max_width":0,"ocean_custom_logo_tablet_max_width":0,"ocean_custom_logo_mobile_max_width":0,"ocean_custom_logo_max_height":0,"ocean_custom_logo_tablet_max_height":0,"ocean_custom_logo_mobile_max_height":0,"ocean_header_custom_menu":"0","ocean_menu_typo_font_family":"0","ocean_menu_typo_font_subset":"","ocean_menu_typo_font_size":0,"ocean_menu_typo_font_size_tablet":0,"ocean_menu_typo_font_size_mobile":0,"ocean_menu_typo_font_size_unit":"px","ocean_menu_typo_font_weight":"","ocean_menu_typo_font_weight_tablet":"","ocean_menu_typo_font_weight_mobile":"","ocean_menu_typo_transform":"","ocean_menu_typo_transform_tablet":"","ocean_menu_typo_transform_mobile":"","ocean_menu_typo_line_height":0,"ocean_menu_typo_line_height_tablet":0,"ocean_menu_typo_line_height_mobile":0,"ocean_menu_typo_line_height_unit":"","ocean_menu_typo_spacing":0,"ocean_menu_typo_spacing_tablet":0,"ocean_menu_typo_spacing_mobile":0,"ocean_menu_typo_spacing_unit":"","ocean_menu_link_color":"","ocean_menu_link_color_hover":"","ocean_menu_link_color_active":"","ocean_menu_link_background":"","ocean_menu_link_hover_background":"","ocean_menu_link_active_background":"","ocean_menu_social_links_bg":"","ocean_menu_social_hover_links_bg":"","ocean_menu_social_links_color":"","ocean_menu_social_hover_links_color":"","ocean_disable_title":"on","ocean_disable_heading":"default","ocean_post_title":"","ocean_post_subheading":"","ocean_post_title_style":"","ocean_post_title_background_color":"","ocean_post_title_background":0,"ocean_post_title_bg_image_position":"","ocean_post_title_bg_image_attachment":"","ocean_post_title_bg_image_repeat":"","ocean_post_title_bg_image_size":"","ocean_post_title_height":0,"ocean_post_title_bg_overlay":0.5,"ocean_post_title_bg_overlay_color":"","ocean_disable_breadcrumbs":"default","ocean_breadcrumbs_color":"","ocean_breadcrumbs_separator_color":"","ocean_breadcrumbs_links_color":"","ocean_breadcrumbs_links_hover_color":"","ocean_display_footer_widgets":"default","ocean_display_footer_bottom":"default","ocean_custom_footer_template":"0","footnotes":""},"class_list":["post-541","page","type-page","status-publish","hentry","entry"],"aioseo_notices":[],"_links":{"self":[{"href":"https:\/\/sanibudbis.com\/uk\/wp-json\/wp\/v2\/pages\/541","targetHints":{"allow":["GET"]}}],"collection":[{"href":"https:\/\/sanibudbis.com\/uk\/wp-json\/wp\/v2\/pages"}],"about":[{"href":"https:\/\/sanibudbis.com\/uk\/wp-json\/wp\/v2\/types\/page"}],"author":[{"embeddable":true,"href":"https:\/\/sanibudbis.com\/uk\/wp-json\/wp\/v2\/users\/1"}],"replies":[{"embeddable":true,"href":"https:\/\/sanibudbis.com\/uk\/wp-json\/wp\/v2\/comments?post=541"}],"version-history":[{"count":46,"href":"https:\/\/sanibudbis.com\/uk\/wp-json\/wp\/v2\/pages\/541\/revisions"}],"predecessor-version":[{"id":857,"href":"https:\/\/sanibudbis.com\/uk\/wp-json\/wp\/v2\/pages\/541\/revisions\/857"}],"wp:attachment":[{"href":"https:\/\/sanibudbis.com\/uk\/wp-json\/wp\/v2\/media?parent=541"}],"curies":[{"name":"wp","href":"https:\/\/api.w.org\/{rel}","templated":true}]}}